{"id":16,"date":"2022-11-15T20:50:03","date_gmt":"2022-11-15T20:50:03","guid":{"rendered":"https:\/\/ofm.mt\/KummissarjatArtImqaddsa\/contact\/"},"modified":"2024-10-10T11:16:30","modified_gmt":"2024-10-10T09:16:30","slug":"contact","status":"publish","type":"page","link":"https:\/\/ofm.mt\/KummissarjatArtImqaddsa\/contact\/","title":{"rendered":"Contact Us"},"content":{"rendered":"\n<div class=\"wp-block-columns is-layout-flex wp-container-core-columns-is-layout-9d6595d7 wp-block-columns-is-layout-flex\">\n<div class=\"wp-block-column is-layout-flow wp-block-column-is-layout-flow\">\n<h5 class=\"has-text-align-center wp-block-heading\">Address<\/h5>\n\n\n\n<p class=\"has-text-align-center\">Kummissarjat tal-Art Imqaddsa<\/p>\n\n\n\n<p class=\"has-text-align-center\">8, Triq Santa Lu\u010bija,<\/p>\n\n\n\n<p class=\"has-text-align-center\">Valletta VLT 1213<\/p>\n\n\n\n<p class=\"has-text-align-center\">MALTA<\/p>\n\n\n\n<p> <\/p>\n\n\n\n<p><strong>Tel:<\/strong>\u00a0+356 2124 2254<\/p>\n\n\n\n<p><strong>Facebook:<\/strong>&nbsp;<a href=\"https:\/\/www.facebook.com\/profile.php?id=100064824425699\">https:\/\/www.facebook.com\/profile.php?id=100064824425699<\/a><\/p>\n\n\n\n<p><\/p>\n\n\n\n<div class=\"wp-block-contact-form-7-contact-form-selector\">\n<div class=\"wpcf7 no-js\" id=\"wpcf7-f301-o1\" lang=\"en-US\" dir=\"ltr\" data-wpcf7-id=\"301\">\n<div class=\"screen-reader-response\"><p role=\"status\" aria-live=\"polite\" aria-atomic=\"true\"><\/p> <ul><\/ul><\/div>\n<form action=\"\/KummissarjatArtImqaddsa\/wp-json\/wp\/v2\/pages\/16#wpcf7-f301-o1\" method=\"post\" class=\"wpcf7-form init\" aria-label=\"Contact form\" novalidate=\"novalidate\" data-status=\"init\">\n<fieldset class=\"hidden-fields-container\"><input type=\"hidden\" name=\"_wpcf7\" value=\"301\" \/><input type=\"hidden\" name=\"_wpcf7_version\" value=\"6.1.5\" \/><input type=\"hidden\" name=\"_wpcf7_locale\" value=\"en_US\" \/><input type=\"hidden\" name=\"_wpcf7_unit_tag\" value=\"wpcf7-f301-o1\" \/><input type=\"hidden\" name=\"_wpcf7_container_post\" value=\"0\" \/><input type=\"hidden\" name=\"_wpcf7_posted_data_hash\" value=\"\" \/>\n<\/fieldset>\n<p><span class=\"wpcf7-form-control-wrap\" data-name=\"your-name\"><input size=\"40\" maxlength=\"400\" class=\"wpcf7-form-control wpcf7-text wpcf7-validates-as-required\" autocomplete=\"name\" aria-required=\"true\" aria-invalid=\"false\" placeholder=\"Isem u Kunjom (Full Name)\" value=\"\" type=\"text\" name=\"your-name\" \/><\/span>\n<\/p>\n<p><span class=\"wpcf7-form-control-wrap\" data-name=\"your-email\"><input size=\"40\" maxlength=\"400\" class=\"wpcf7-form-control wpcf7-email wpcf7-validates-as-required wpcf7-text wpcf7-validates-as-email\" autocomplete=\"email\" aria-required=\"true\" aria-invalid=\"false\" placeholder=\"L-Email tieg\u0127ek (Your email)\" value=\"\" type=\"email\" name=\"your-email\" \/><\/span>\n<\/p>\n<p><span class=\"wpcf7-form-control-wrap\" data-name=\"your-subject\"><input size=\"40\" maxlength=\"400\" class=\"wpcf7-form-control wpcf7-text wpcf7-validates-as-required\" aria-required=\"true\" aria-invalid=\"false\" placeholder=\"Su\u0121\u0121ett tal-email (Subject)\" value=\"\" type=\"text\" name=\"your-subject\" \/><\/span>\n<\/p>\n<p><span class=\"wpcf7-form-control-wrap\" data-name=\"your-message\"><textarea cols=\"40\" rows=\"10\" maxlength=\"2000\" class=\"wpcf7-form-control wpcf7-textarea wpcf7-validates-as-required\" aria-required=\"true\" aria-invalid=\"false\" placeholder=\"Il-messa\u0121\u0121 li tixtieq tg\u0127addielna (Message)\" name=\"your-message\"><\/textarea><\/span>\n<\/p>\n<p><input class=\"wpcf7-form-control wpcf7-submit has-spinner\" type=\"submit\" value=\"Submit\" \/>\n<\/p><div class=\"wpcf7-response-output\" aria-hidden=\"true\"><\/div>\n<\/form>\n<\/div>\n<\/div>\n<\/div>\n<\/div>\n","protected":false},"excerpt":{"rendered":"<p>Address Kummissarjat tal-Art Imqaddsa 8, Triq Santa Lu\u010bija, Valletta VLT 1213 MALTA Tel:\u00a0+356 2124 2254 Facebook:&nbsp;https:\/\/www.facebook.com\/profile.php?id=100064824425699<\/p>\n","protected":false},"author":1,"featured_media":0,"parent":0,"menu_order":0,"comment_status":"closed","ping_status":"closed","template":"","meta":{"_coblocks_attr":"","_coblocks_dimensions":"","_coblocks_responsive_height":"","_coblocks_accordion_ie_support":"","hide_page_title":"","footnotes":""},"class_list":["post-16","page","type-page","status-publish","hentry"],"_links":{"self":[{"href":"https:\/\/ofm.mt\/KummissarjatArtImqaddsa\/wp-json\/wp\/v2\/pages\/16","targetHints":{"allow":["GET"]}}],"collection":[{"href":"https:\/\/ofm.mt\/KummissarjatArtImqaddsa\/wp-json\/wp\/v2\/pages"}],"about":[{"href":"https:\/\/ofm.mt\/KummissarjatArtImqaddsa\/wp-json\/wp\/v2\/types\/page"}],"author":[{"embeddable":true,"href":"https:\/\/ofm.mt\/KummissarjatArtImqaddsa\/wp-json\/wp\/v2\/users\/1"}],"replies":[{"embeddable":true,"href":"https:\/\/ofm.mt\/KummissarjatArtImqaddsa\/wp-json\/wp\/v2\/comments?post=16"}],"version-history":[{"count":13,"href":"https:\/\/ofm.mt\/KummissarjatArtImqaddsa\/wp-json\/wp\/v2\/pages\/16\/revisions"}],"predecessor-version":[{"id":422,"href":"https:\/\/ofm.mt\/KummissarjatArtImqaddsa\/wp-json\/wp\/v2\/pages\/16\/revisions\/422"}],"wp:attachment":[{"href":"https:\/\/ofm.mt\/KummissarjatArtImqaddsa\/wp-json\/wp\/v2\/media?parent=16"}],"curies":[{"name":"wp","href":"https:\/\/api.w.org\/{rel}","templated":true}]}}