{"id":54,"date":"2022-12-12T22:36:03","date_gmt":"2022-12-12T22:36:03","guid":{"rendered":"https:\/\/ofm.mt\/KummissarjatArtImqaddsa\/?page_id=54"},"modified":"2025-09-29T17:33:34","modified_gmt":"2025-09-29T15:33:34","slug":"pilgrimages","status":"publish","type":"page","link":"https:\/\/ofm.mt\/KummissarjatArtImqaddsa\/pilgrimages\/","title":{"rendered":"Pilgrimages"},"content":{"rendered":"<div class=\"wp-block-image\">\n<figure class=\"aligncenter size-full is-resized\"><img fetchpriority=\"high\" decoding=\"async\" width=\"602\" height=\"600\" src=\"https:\/\/ofm.mt\/KummissarjatArtImqaddsa\/wp-content\/uploads\/2023\/01\/Nazaret.jpg\" alt=\"\" class=\"wp-image-201\" style=\"width:331px;height:330px\" srcset=\"https:\/\/ofm.mt\/KummissarjatArtImqaddsa\/wp-content\/uploads\/2023\/01\/Nazaret.jpg 602w, https:\/\/ofm.mt\/KummissarjatArtImqaddsa\/wp-content\/uploads\/2023\/01\/Nazaret-300x300.jpg 300w, https:\/\/ofm.mt\/KummissarjatArtImqaddsa\/wp-content\/uploads\/2023\/01\/Nazaret-150x150.jpg 150w\" sizes=\"(max-width: 602px) 100vw, 602px\" \/><\/figure><\/div>\n\n\n<p><\/p>\n\n\n\n<h3 class=\"wp-block-heading has-text-align-left\">Pilgrimage\/Tour to Egypt<\/h3>\n\n\n\n<p>26 January &#8211; 4 February 2026<\/p>\n\n\n\n<p><\/p>\n\n\n\n<p>Ni\u017c\u017cel il-brochure <a href=\"https:\/\/ofm.mt\/KummissarjatArtImqaddsa\/wp-content\/uploads\/2025\/09\/Pellegrinagg-Egittu_Jannar_2026.pdf\" data-type=\"attachment\" data-id=\"439\" target=\"_blank\" rel=\"noreferrer noopener\">minn hawn<\/a><\/p>\n\n\n\n<p><\/p>\n\n\n<div >\n        <div class=\" plethoraplugins-tabs-container plethoraplugins-tabs-container--horizontal plethoraplugins-theme__minimal plethoraplugins-theme__tabby \" \n\t\t\tdata-pds-tabs--layout=\"horizontal\"  \n\t\t\tdata-pds-tabs--theme=\"tabby\"  \n\t\t\tdata-pds-tabs--mobile-breakpoint-forced=\"\"\n\t\t\t data-pds-tabs--responsive=\"accordion\" \n\t\t\t\t\t data-pds-tabs--responsive-accordion-collapsed-initially=\"false\" data-pds-tabs--accordion-icon-type=\"\" data-pds-tabs--accordion-icon=\"true\"  data-pds-tabs--accordion-icon-size=\"\"  data-pds-tabs--accordion-heading-level=\"h3\" data-pds-tabs--accordion-auto-close=\"true\" >\n            <div class=\"plethoraplugins-tabs\"  >\n              <ul><li>\n                        <a \n                                href=\"#eittu\"\n                                class=\" active\" \n                            >\n                            <span>E\u0121ittu<\/span>\n                        <\/a>\n                    <\/li><li>\n                        <a \n                                href=\"#inkiteb\"\n                                class=\"\" \n                            >\n                            <span>Inkiteb<\/span>\n                        <\/a>\n                    <\/li><\/ul>\n            <\/div>\n            <div class=\"plethoraplugins-tabs--content\" >\n                \n<div class=\"\"  data-pds-tabs--accordion-initially-open=\"false\" >\n\n<h4 class=\"wp-block-heading\">Dati<\/h4>\n\n\n\n<p><\/p>\n\n\n\n<ul class=\"wp-block-list\">\n<li>26 January &#8211; 4 February 2026<\/li>\n<\/ul>\n\n\n\n<p><\/p>\n\n\n\n<h4 class=\"wp-block-heading\">Programm<\/h4>\n\n\n\n<details class=\"wp-block-details is-layout-flow wp-block-details-is-layout-flow\"><summary><\/summary>\n<h6 class=\"wp-block-heading\">L-Ewwel Jum<\/h6>\n<\/details>\n\n\n\n<p>Titjira minn Malta g\u0127al Kajr, l-E\u0121ittu via Istanbul \u2013 L-art tal-Farg\u0127uni u l-Kopti. Wara Ii jitlestew il-formalitajiet tal-ajruport, nitilqu lejn il-Lukanda Sonesta Heliopolis.<\/p>\n\n\n\n<p><\/p>\n\n\n\n<h6 class=\"wp-block-heading\">It-Tieni Jum<\/h6>\n\n\n\n<p>Ser nibdew it-tour tag\u0127na bi \u017cjara lit-Tlett Piramidi kbar u ikoni\u010bi ta\u2019 Gi\u017ca u lill-iSphinx. lkun hemm l-opportunit\u00e0 li min irid ikun jista\u2019 jid\u0127ol \u0121ewwa wie\u0127ed mill-piramidi jew igawdi rikba fuq \u0121emel (\u0127las extra). Waqt it-tour nieklu f\u2019ristorant lokali. Wara se n\u017curu l-Grand Egyptian Museum, Ii nfeta\u0127 ri\u010bentament, fejn se naraw fost te\u017cori o\u0127rajn, l-artifatti famu\u017ci ta\u2019 Tutankhamun. Immorru lura l-lukanda g\u0127all-ikla ta\u2019 filg\u0127axija u ng\u0127addu l-lejl hemm.<\/p>\n\n\n\n<p><\/p>\n\n\n\n<h6 class=\"wp-block-heading\">It-Tielet Jum<\/h6>\n\n\n\n<p>Wara l-kolazzjon, ikollna l-opportunit\u00e0 li nesploraw il-Kajr Kopt. L-ewwel waqfa tag\u0127na tkun il-Hanging Church, l-aktar knisja Kopta mag\u0127rufa fil-Kajr. Se n\u017curu wkoll Abu Serga, wie\u0127ed mill-eqdem postijiet ta\u2019 qima Kristjana fl-E\u0121ittu, u ta\u0127t din il-knisja, tinsab il-Kripta tal-Familja Mqaddsa, wie\u0127ed millpostijiet fejn g\u0127exu l-Familja Mqaddsa matul i\u017c-\u017cmien tag\u0127hom fl-E\u0121ittu. Wara, se n\u017curu l-Knisja ta\u2019 San \u0120or\u0121, fil-Monasteru tal-Patrijarkat Ortodoss Grieg, segwit mill-Mu\u017cew tal-Kopti, li fih l-e\u017cempji l-aktar importanti tal-arti Kopta fid-dinja. Wara se n\u017curu s-Sinagoga ta\u2019 Ben Ezra, fejn kienet instabet kollezzjoni ta\u2019 manuskritti sagri u sekulari, il-Kairo Genizah (manuskritti bil-Lhudi, bil-Latin, bl-Aramajk, u bil-\u0120udeo-G\u0127arbi). Wara l-ikel f\u2019ristorant lokali, nkomplu bi \u017cjara lill-Mu\u017cew Nazzjonali ta\u010b\u010aivilt\u00e0 E\u0121izzjana, fejn insiru nafu dwar l-istorja rikka tal-E\u0121ittu permezz tal-artifatti straordinarji Ii hemm. lmbag\u0127ad in\u017curu l-Knisja ta\u2019 Santa Marija \u2013 El Zeitoun. Niskopru s-sbu\u0127ija qaddisa tal-Knisja tal-Ver\u0121ni Marija f\u2019Zeitoun, fejn il-fidi u l-mirakli jiltaqg\u0127u flimkien.<\/p>\n\n\n\n<p><\/p>\n\n\n\n<h6 class=\"wp-block-heading\">Ir-Raba\u2019 Jum<\/h6>\n\n\n\n<p>Nitilqu mill-lukanda lejn l-ajruport tal-Kajr g\u0127al titjira ta\u2019 sieg\u0127a lejn Luxor. Mal-wasla, ser immorru abbord il-vapur g\u0127al Cruise fuq ix-xmara Nil. Wara l-ikel fuq il-vapur, in\u017curu t-Tempju ta\u2019 Karnak, kumpless enormi mag\u0127mul minn tlett tempji ddedikati lill-allat ta\u2019 Thebes. Wara n\u017curu t-tempju mill-isba\u0127 ta\u2019 Luxor, li fi\u017c-\u017cmien kien mag\u0127qud ma\u2019 Karnak, permezz ta\u2019 passa\u0121\u0121 bi statwi tal-isfin\u0121ijiet fuq il-\u0121nub. Ng\u0127addu l-lejl f\u2019Luxor.<\/p>\n\n\n\n<p><\/p>\n\n\n\n<h2 class=\"wp-block-heading has-medium-font-size\">Il-\u0126ames Jum<\/h2>\n\n\n\n<p>lllum, ser naqsmu lejn ix-xatt tal-punent tax-xmara Nil biex in\u017curu l-Wied tar-Rejiet u l-Wied tal-Ir\u0121ejjen, kif ukoll nid\u0127lu n\u017curu wie\u0127ed mill-oqbra. Wara, se nesploraw it-Tempju Mortwarju impressjonanti tal-Farg\u0127uni mara, Hatshepsut. Fi triqtna lura, nieqfu biex nammiraw il-Kolossi ta\u2019 Memnon.<\/p>\n\n\n\n<p><\/p>\n\n\n\n<h2 class=\"wp-block-heading has-medium-font-size\">Is-Sitt Jum<\/h2>\n\n\n\n<p>Il-vapur ser jitlaq lejn Edfu, fejn ser in\u017curu t-Tempju ta\u2019 Horus fuq karozzelli bi\u017c-\u017cwiemel waqt li nesploraw il-kitbiet fuq il-\u0127ajt dwar il-lingwa, il-mitolo\u0121ija u r-reli\u0121jon. Waqt li nkomplu l-vja\u0121\u0121 tag\u0127na fuq ix-xmara Nil, wara nofs inhar ser nieqfu f\u2019Kom Ombo, biex in\u017curu t-Tempju Ptolemajk, iddedikat lill-allat Sobek u Haroeris. Wara, il-vapur ser ikompli jsalpa lejn Aswan.<\/p>\n\n\n\n<p><\/p>\n\n\n\n<h2 class=\"wp-block-heading has-medium-font-size\">Is-Seba\u2019 Jum<\/h2>\n\n\n\n<p>Filg\u0127odu kmieni, ser nitilqu bil-coach lejn Abu Simbel biex in\u017curu t-tempji straordinarji tal-Farg\u0127un Ramses II u l-g\u0127a\u017ci\u017ca martu Nefertiti. Wara l-ikel ser in\u017curu d-Diga l- G\u0127olja (ta\u2019 Aswan), l-Old Granite Quarries u l-Unfinished Obelisk u nkomplu l vja\u0121\u0121 tag\u0127na fuq dg\u0127ajsa g\u0127at-Tempju ta\u2019 Philae fuq il-g\u017cira Agilkia.<\/p>\n\n\n\n<p><\/p>\n\n\n\n<h2 class=\"wp-block-heading has-medium-font-size\">It-Tmien Jum<\/h2>\n\n\n\n<p>Wara l-kollazzjon, se mmorru fuq felucca, dg\u0127ajsa tal-qlug\u0127 tradizzjonali e\u0121izzjana, u nba\u0127\u0127ru madwar il-g\u017cira pittoreska ta\u2019 Kitchener. Wara nag\u0127mlu titjira nterna Ii te\u0127odna lura l-Kajr u fil-lukanda Sonesta Heliopolis.<\/p>\n\n\n\n<p><\/p>\n\n\n\n<h2 class=\"wp-block-heading has-medium-font-size\">Id-Disa\u2019 Jum<\/h2>\n\n\n\n<p>Dan il-jum huwa kollu kemm hu d-dedikat g\u0127a\u017c-\u017cjara lill-Monasteru ta\u2019 Sant\u2019Anton il-Kbir, li jinsab fil-qalba tal-Muntanji tal-Ba\u0127ar l-A\u0127mar, fid-De\u017cert tal-Lvant, fix-xlokk tal-Kajr. Huwa wie\u0127ed mill-monasteri l-aktar importanti fl-E\u0121ittu, g\u0127ax lag\u0127ab rwol ewlieni biex isawwar g\u0127ad ta\u2019 istituzzjonijiet Kopti u fit-tixrid tal-monake\u017cmu. Fi triqitna nieqfu g\u0127al ikel f\u2019restorant tradizzjonali tal-lokal. Meta ner\u0121g\u0127u lura l-Kajr, se n\u017curu l-Monasteru ta\u2019 San Xmun il-Konzatur \u2013 knisja sabi\u0127a m\u0127affra fil-Muntanja Mokattam, mag\u0127rufa g\u0127all-atmosfera spiritwali qawwija tag\u0127ha u g\u0127all-arkitettura impressjonanti fl-g\u0127erien.<\/p>\n\n\n\n<p><\/p>\n\n\n\n<h2 class=\"wp-block-heading has-medium-font-size\">L-G\u0127axar Jum<\/h2>\n\n\n\n<p>Wara l-kollazzjon, nitilqu lejn l-ajruport tal-Kajr, biex intiru lura lejn Malta via Istanbul.<\/p>\n\n\n\n<p><\/p>\n\n\n\n<p><em>* Dettalji tal-\u0127inijiet jing\u0127ataw waqt il-laqg\u0127a li ssir qabel it-tluq.<\/em><\/p>\n\n\n\n<p><\/p>\n\n\n\n<h4 class=\"wp-block-heading\">Il-Pellegrina\u0121\u0121 *<\/h4>\n\n\n\n<p><strong>Prezz:<\/strong> \u20ac2,970<\/p>\n\n\n\n<p><strong>Single Supplement:<\/strong> \u20ac680<\/p>\n\n\n\n<p><\/p>\n\n\n\n<p>Il-prezz jinkludi fih kollox:<\/p>\n\n\n\n<ul class=\"wp-block-list\">\n<li>Il-pellegrina\u0121\u0121 <em>full-board<\/em><\/li>\n\n\n\n<li>Titjira interna<\/li>\n\n\n\n<li>L-<em>insurance<\/em><\/li>\n\n\n\n<li>It-<em>tips<\/em><\/li>\n\n\n\n<li>It-trasport, b\u2019<em>coach<\/em> dejjem mag\u0127na<\/li>\n\n\n\n<li>VISA biex nid\u0127lu l-E\u0121ittu<\/li>\n\n\n\n<li>Patri Fran\u0121iskan Malti li jmexxi l-Pellegrina\u0121\u0121 b\u0127ala animatur spiritwali.<\/li>\n<\/ul>\n\n\n\n<p><\/p>\n\n\n\n<p><em>* Termini u kundizzjonijiet japplikaw<\/em><\/p>\n\n\n\n<p><\/p>\n\n<\/div>\n\n<div class=\"\"  data-pds-tabs--accordion-initially-open=\"false\" >\n\n<p>Infurmana bl-interess tieg\u0127ek li ti\u0121i g\u0127al wie\u0127ed mill-Pellegrina\u0121\u0121i li joffri l-Kummissarjat tal-Art Imqaddsa. Inwe\u0121buk mill-aktar fis possibbli.<\/p>\n\n\n\n<div class=\"wp-block-contact-form-7-contact-form-selector\">\n<div class=\"wpcf7 no-js\" id=\"wpcf7-f340-o1\" lang=\"en-US\" dir=\"ltr\" data-wpcf7-id=\"340\">\n<div class=\"screen-reader-response\"><p role=\"status\" aria-live=\"polite\" aria-atomic=\"true\"><\/p> <ul><\/ul><\/div>\n<form action=\"\/KummissarjatArtImqaddsa\/wp-json\/wp\/v2\/pages\/54#wpcf7-f340-o1\" method=\"post\" class=\"wpcf7-form init\" aria-label=\"Contact form\" novalidate=\"novalidate\" data-status=\"init\">\n<fieldset class=\"hidden-fields-container\"><input type=\"hidden\" name=\"_wpcf7\" value=\"340\" \/><input type=\"hidden\" name=\"_wpcf7_version\" value=\"6.1.5\" \/><input type=\"hidden\" name=\"_wpcf7_locale\" value=\"en_US\" \/><input type=\"hidden\" name=\"_wpcf7_unit_tag\" value=\"wpcf7-f340-o1\" \/><input type=\"hidden\" name=\"_wpcf7_container_post\" value=\"0\" \/><input type=\"hidden\" name=\"_wpcf7_posted_data_hash\" value=\"\" \/>\n<\/fieldset>\n<p><label> Isem u Kunjom<br \/>\n<span class=\"wpcf7-form-control-wrap\" data-name=\"your-name\"><input size=\"40\" maxlength=\"400\" class=\"wpcf7-form-control wpcf7-text wpcf7-validates-as-required\" autocomplete=\"name\" aria-required=\"true\" aria-invalid=\"false\" placeholder=\"Isem u Kunjom\" value=\"\" type=\"text\" name=\"your-name\" \/><\/span> <\/label>\n<\/p>\n<p><label> Email tieg\u0127ek<br \/>\n<span class=\"wpcf7-form-control-wrap\" data-name=\"your-email\"><input size=\"40\" maxlength=\"400\" class=\"wpcf7-form-control wpcf7-email wpcf7-validates-as-required wpcf7-text wpcf7-validates-as-email\" autocomplete=\"email\" aria-required=\"true\" aria-invalid=\"false\" placeholder=\"Email tieg\u0127ek\" value=\"\" type=\"email\" name=\"your-email\" \/><\/span> <\/label>\n<\/p>\n<p><label> Tel \/ Mobajl<br \/>\n<span class=\"wpcf7-form-control-wrap\" data-name=\"mobile-no\"><input size=\"40\" maxlength=\"400\" class=\"wpcf7-form-control wpcf7-tel wpcf7-text wpcf7-validates-as-tel\" aria-invalid=\"false\" placeholder=\"tel\/mobajl\" value=\"\" type=\"tel\" name=\"mobile-no\" \/><\/span> <\/label>\n<\/p>\n<p>Il-Pellegrina\u0121\u0121 li tixtieq\n<\/p>\n<p><label> Messa\u0121\u0121 (optional)<br \/>\n<span class=\"wpcf7-form-control-wrap\" data-name=\"your-message\"><textarea cols=\"40\" rows=\"10\" maxlength=\"2000\" class=\"wpcf7-form-control wpcf7-textarea\" aria-invalid=\"false\" placeholder=\"Ikteb il-messa\u0121\u0121 tieg\u0127ek. Inkludi d-dati tal-Pellegrina\u0121\u0121 li tixtieq ti\u0121i.\" name=\"your-message\"><\/textarea><\/span> <\/label>\n<\/p>\n<p><input class=\"wpcf7-form-control wpcf7-submit has-spinner\" type=\"submit\" value=\"Submit\" \/>\n<\/p>\n<span class=\"wpcf7-form-control-wrap recaptcha\" data-name=\"recaptcha\"><span class=\"wpcf7-form-control wpcf7-recaptcha g-recaptcha\"><\/span><\/span><div class=\"wpcf7-response-output\" aria-hidden=\"true\"><\/div>\n<\/form>\n<\/div>\n<\/div>\n\n<\/div>\n\n            <\/div>\n        <\/div>\n        \n    <\/div>\n\n\n<div class=\"wp-block-columns are-vertically-aligned-top is-layout-flex wp-container-core-columns-is-layout-9d6595d7 wp-block-columns-is-layout-flex\">\n<div class=\"wp-block-column is-vertically-aligned-top is-layout-flow wp-block-column-is-layout-flow\" style=\"flex-basis:100%\">\n<div class=\"wp-block-group\"><div class=\"wp-block-group__inner-container is-layout-flow wp-block-group-is-layout-flow\"><\/div><\/div>\n<\/div>\n<\/div>\n\n\n\n<p><\/p>\n\n\n\n<h4 class=\"wp-block-heading\">Kundizzjonijiet<\/h4>\n\n\n\n<p><strong>1.<\/strong> Il-Kummissarjat tal-Art Imqaddsa ja\u010b\u010betta li jag\u0127mel <em>reservation<\/em> fuq sempli\u010bi notifika permezz tat-telefon, email jew kwalunkwe tip ta\u2019 komunikazzjoni o\u0127ra. Din ir-<em>reservation<\/em> issir <em>booking <\/em>meta jit\u0127allas id-depo\u017citu. G\u0127all-Pellegrina\u0121\u0121i g\u0127all-Art Imqaddsa d-depo\u017citu huwa ta\u2019 \u20ac500 (\u0127ames mitt Ewro), g\u0127all-Pellegrina\u0121\u0121i l-o\u0127ra, id-depo\u017citu huwa ta\u2019 \u20ac350 (Tliet mija u \u0127amsin Ewro).<\/p>\n\n\n\n<p><strong>2.<\/strong> Id-depo\u017citu jrid jit\u0127allas sa mhux aktar tard minn 6 \u0121img\u0127at qabel id-data tat-tluq. Fil-ka\u017c li jkun hemm domanda qawwija g\u0127all-postijiet, il-Kummissarjat jirri\u017cerva d-dritt li jitlob il-\u0127las tad-depo\u017citu qabel is-6 \u0121img\u0127at. Il-bilan\u010b irid jit\u0127allas sa mhux aktar tard minn 4 \u0121img\u0127at mid-data tat-tluq. Il-\u0127lasijiet jistg\u0127u jsiru permezz ta\u2019 \u010bekk personali, \u010bekk bankarju jew permezz ta\u2019 trasferiment permezz tal-internet.<\/p>\n\n\n\n<p><strong>3.<\/strong> Il-prezzijiet f\u2019dan il-<em>brochure<\/em> huma validi fid-data tal-pubblikazzjoni tieg\u0127u. Fl-eventwalit\u00e0 li l-prezzijiet tal-fornituri tag\u0127na ji\u017cdiedu, il-Kummissarjat jirri\u017cerva d-dritt li jg\u0127addi dawn i\u017c-\u017cidiet lill-pellegrini.<\/p>\n\n\n\n<h6 class=\"wp-block-heading\">I\u017c-\u017cidiet jistg\u0127u ikunu min\u0127abba:<\/h6>\n\n\n\n<ol style=\"list-style-type:lower-alpha\" class=\"wp-block-list\">\n<li>\u010aaqliq fil-kambju<\/li>\n\n\n\n<li>\u017bieda fit-taxxi \u2013 kemm f\u2019Malta jew barra minn Malta<\/li>\n\n\n\n<li><em>Fuel surcharge<\/em> tal-ajruplani<\/li>\n<\/ol>\n\n\n\n<p><strong>4.<\/strong> Il-Kummissarjat i\u017comm id-dritt li jikkan\u010bella l-Pellegrina\u0121\u0121 f\u2019ka\u017c li n-numru ta\u2019 parte\u010bipanti ma jintla\u0127aqx. Dan isir sa \u0121imag\u0127tejn qabel id-data tat-tluq. Kull \u0127las li jkun sar jing\u0127ata lura.<\/p>\n\n\n\n<p><strong>5.<\/strong> Il-prezzijiet tal-Pellegrina\u0121\u0121i huma ma\u0127duma fuq ba\u017ci ta\u2019 tnejn minn nies f\u2019kamra doppja. Ikun hemm numru limitat ta\u2019 kmamar <em>single<\/em>, g\u0127al dawn irid jit\u0127allas supplement kif indikat fil-programm tal-Pellegrina\u0121\u0121 partikolari. Jekk ikollna talba g\u0127al tlieta f\u2019kamra din ting\u0127ata ming\u0127ajr skont fil-prezz.<\/p>\n\n\n\n<p><strong>6. <\/strong>Pellegrini jistaqsu biex il-kmamar ikunu \u0127dejn xulxin. F\u2019dan il-ka\u017c il-Kummissarjat jag\u0127mel it-talba lill-mani\u0121ment tal-lukanda f\u2019dan ir-rigward, i\u017cda mhux dejjem ikun possibli li jsir dan. Din hi xi \u0127a\u0121a li l-Kummissarjat m\u2019g\u0127andu l-ebda kontrol fuqha.<\/p>\n\n\n\n<p>7. Tfal ta\u0127t it-12-il sena jridu bilfors ikunu akkumpanjati minn \u017cew\u0121 adulti f\u2019kamra biex i\u0127allsu prezz ta\u2019 tfal. Jekk it-tfal ikunu ma\u2019 persuna adulta wa\u0127da biss, ikollhom i\u0127allsu l-prezz tal-kbar.<\/p>\n\n\n\n<p><strong>8.<\/strong> Il-Kummissarjat mhux responsabbli g\u0127all-ebda danni ta\u2019 trasport \u017cejjed, ikel jew spejje\u017c tal-lukanda, f\u2019ka\u017c ta\u2019strajks jew kwalunkwe kaw\u017ci o\u0127ra, li l-Kummissarjat ma jkollux kontroll fuqhom.<\/p>\n\n\n\n<p><strong>9.<\/strong> F\u2019ka\u017c li pellegrina\u0121\u0121 jitwal aktar milli programmat, u dan min\u0127abba ra\u0121unijiet diversi li l-Kummissarjat ma jkollux kontroll fuqhom, jew f\u2019ka\u017c li l-\u0127inijiet ji\u0121u mibdulin, l-ebda forma ta\u2019 kumpens mhi applikabbli.<\/p>\n\n\n\n<p><strong>10. <\/strong>Jekk mhux indikat mod ie\u0127or, l-akkomodazzjoni hi fuq ba\u017ci <em>full board<\/em>. Xorb waqt l-ikel, inklu\u017c l-ilma, mhux inklu\u017c fil-prezz. Konsum ta\u2019 ikel u xorb mill-<em>mini bar<\/em> tal-kamra, telefonati u servizzi o\u0127ra mhux spe\u010bifikati b\u0127ala nklu\u017ci fil-prezz tal-Pellegrina\u0121\u0121 huma r-responsabilit\u00e0 tal-pellegrini u jridu jit\u0127allsu minnhom direttament lil-lukanda jew fornitur.<\/p>\n\n\n\n<p><strong>11.<\/strong> Il-prezz tal-Pellegrina\u0121\u0121 jinkludi l-biljetti tad-d\u0127ul, fejn dan huwa mitlub, kif ukoll kull \u0127las ie\u0127or ne\u010bessarju waqt il-pellegrina\u0121\u0121. Jista\u2019 jag\u0127ti l-ka\u017c li min\u0127abba ra\u0121unijiet li ma jkunux ta\u0127t il-kontroll tal-Kummissarjat ma nkunux nistg\u0127u n\u017curu postijiet av\u017cati. Il-Kummissarjat mhux responsabbli jekk tit\u0127assar xi \u017cjara min\u0127abba ra\u0121unijiet ta\u2019 maltemp, terremoti jew nuqqas ta\u2019 sigurt\u00e0 f\u2019kwalunkwe pajji\u017c relatat mal-Pellegrina\u0121\u0121.<\/p>\n\n\n\n<p><strong>12.<\/strong> Il-\u0127inijiet tat-tluq u ritorn kif indikat fil-programm, jista\u2019 jinbidel u dan skont il-linji tal-ajru, \u0127a\u0121a li l-Kummissarjat m\u2019g\u0127andhux kontroll fuqha. Il-Kummissarjat i\u017comm id-dritt li jista\u2019 jbiddel l-itinerarji jew il-lukanda fejn ikun hemm b\u017conn.<\/p>\n\n\n\n<p><strong>13.<\/strong> Kull pellegrin huwa obbligat i\u017comm il-\u0127in u post indikat lilu mil-<em>leader<\/em>\/gwida. F\u2019ka\u017c li l-pellegrin ma jkunx fil-\u0127in, il-<em>leader<\/em>\/gwida g\u0127andu d-dritt u l-obbligu li jitlaq. Kwalunkwe spejje\u017c ta\u2019 trasport jew taxis iridu jit\u0127allsu mill-persuna li ma \u017c\u017commx il-\u0127in.<\/p>\n\n\n\n<p><strong>14.<\/strong> Mal-\u0127las tad-depo\u017citu, il-pellegrini jridu jipprovdu fotokopja tal-passaport tag\u0127hom lill-Kummissarjat. Kull persuna hija responsabbli g\u0127all-kontenut tal-passaport tag\u0127ha. Importanti li qabel issiefru taraw li dan id-dokument huwa validu. G\u0127al safar barra minn l-Unjoni Ewropeja, il-passaport ma jridx ikun jiskadi sa sitt xhur wara d-data tar-ritorn mill-Pellegrina\u0121\u0121. F\u2019ka\u017c li persuna ma tit\u0127alliex issiefer min\u0127abba f\u2019hekk, il-Kummissarjat mhux responsabbli u ma jing\u0127ata ebda \u0127las lura.<\/p>\n\n\n\n<p><strong>15. <\/strong>Il-prezz tal-Pellegrina\u0121\u0121i kollha jinkludi assikurazzjoni tal-ivvja\u0121\u0121ar. Pellegrin jista\u2019 jkollu assikurazzjoni tieg\u0127u, f\u2019dan il-ka\u017c jing\u0127ata refu\u017cjoni tal-<em>premium<\/em>. Jing\u0127ataw refu\u017cjoni tal-<em>premium <\/em>dawk il-pellegrini li jkunu \u2019il fuq minn 70 sena li ma humiex koperti mill-polza tal-assikurazzjoni li joffri l-Kummissarjat. Kull pellegrin jrid ikun assikurat.<\/p>\n\n\n\n<p><strong>16.<\/strong> Hi r-responsabbilit\u00e0 tal-pellegrin li jkollu E111 \u2013 Assikurazzjoni dwar is-Sa\u0127\u0127a Ewropeja meta<\/p>\n\n\n\n<p>jivvja\u0121\u0121a fl-Unjoni Ewropeja.<\/p>\n\n\n\n<p><strong>17.<\/strong> Hi r-responsabbilit\u00e0 tal-pellegrin li jav\u017ca l-Kummissarjat dwar \u0127tigijiet jew kundizzjoni medika li huma mportanti \u0127afna li jkunu mag\u0127rufa. Jekk dan ma jsirx, il-Kummissarjat ma jistax jiggarantixxi li l-pellegrin jing\u0127ata s-servizz u l-fa\u010bilitajiet li jkun je\u0127tie\u0121.<\/p>\n\n\n\n<p><strong>18.<\/strong> Kan\u010bellazzjoni ta\u2019 <em>booking<\/em> tintlaqa\u2019 biss bil-miktub. F\u2019ka\u017c ta\u2019 kan\u010bellament dawn li \u0121ejjien huma l-penali li jridu jit\u0127allsu:<\/p>\n\n\n\n<figure class=\"wp-block-table is-style-regular\"><table><tbody><tr><th><strong>\u017bmien, qabel id-data tat-tluq li fih ting\u0127ata n-notifika ta\u2019 kan\u010bellament<\/strong><\/th><th><strong>Penali<\/strong><\/th><\/tr><tr><td>29 \u0121urnata qabel<\/td><td>Id-depo\u017citu<\/td><\/tr><tr><td>21 \u2013 28 \u0121urnata<\/td><td>50% tal-prezz tal-Pellegrina\u0121\u0121<\/td><\/tr><tr><td>14 \u2013 20 \u0121urnata<\/td><td>75% tal-prezz tal-Pellegrina\u0121\u0121<\/td><\/tr><tr><td>13-il \u0121urnata jew inqas<\/td><td>100% tal-prezz tal-Pellegrina\u0121\u0121<\/td><\/tr><\/tbody><\/table><\/figure>\n\n\n\n<p>Jekk ir-ra\u0121uni tal-kan\u010bellament taqa\u2019 ta\u0127t it-termini tal-assikurazzjoni, il-pellegrin ikun jista\u2019 jitlob rifu\u017cjoni tal-penali ming\u0127and il-kumpanija tal-assikurazzjoni.<\/p>\n\n\n\n<p>19. G\u0127al dawk il-pellegrina\u0121\u0121i fejn jintu\u017caw linji tal-ajru <em>Low Cost<\/em>, il-prezz tal-biljett li jrid jit\u0127allas mill-ewwel mal-<em>booking<\/em> mhux rifondibbli. Staqsu dwar dan il-\u0127las fil-mument li jsir il-<em>booking<\/em>. Din il-penali ma tistax ma tit\u0127allasx, minkejja dak li jing\u0127ad fin-numru 18 hawn fuq.<\/p>\n\n\n\n<p><\/p>\n","protected":false},"excerpt":{"rendered":"<p>Pilgrimage\/Tour to Egypt 26 January &#8211; 4 February 2026 Ni\u017c\u017cel il-brochure minn hawn Kundizzjonijiet 1. Il-Kummissarjat tal-Art Imqaddsa ja\u010b\u010betta li jag\u0127mel reservation fuq sempli\u010bi notifika permezz tat-telefon, email jew kwalunkwe tip ta\u2019 komunikazzjoni o\u0127ra. Din ir-reservation issir booking meta jit\u0127allas id-depo\u017citu. G\u0127all-Pellegrina\u0121\u0121i g\u0127all-Art Imqaddsa d-depo\u017citu huwa ta\u2019 \u20ac500 (\u0127ames mitt Ewro), g\u0127all-Pellegrina\u0121\u0121i l-o\u0127ra, id-depo\u017citu huwa [&hellip;]<\/p>\n","protected":false},"author":1,"featured_media":0,"parent":0,"menu_order":0,"comment_status":"closed","ping_status":"closed","template":"","meta":{"_coblocks_attr":"","_coblocks_dimensions":"","_coblocks_responsive_height":"","_coblocks_accordion_ie_support":"","hide_page_title":"","footnotes":""},"class_list":["post-54","page","type-page","status-publish","hentry"],"_links":{"self":[{"href":"https:\/\/ofm.mt\/KummissarjatArtImqaddsa\/wp-json\/wp\/v2\/pages\/54","targetHints":{"allow":["GET"]}}],"collection":[{"href":"https:\/\/ofm.mt\/KummissarjatArtImqaddsa\/wp-json\/wp\/v2\/pages"}],"about":[{"href":"https:\/\/ofm.mt\/KummissarjatArtImqaddsa\/wp-json\/wp\/v2\/types\/page"}],"author":[{"embeddable":true,"href":"https:\/\/ofm.mt\/KummissarjatArtImqaddsa\/wp-json\/wp\/v2\/users\/1"}],"replies":[{"embeddable":true,"href":"https:\/\/ofm.mt\/KummissarjatArtImqaddsa\/wp-json\/wp\/v2\/comments?post=54"}],"version-history":[{"count":30,"href":"https:\/\/ofm.mt\/KummissarjatArtImqaddsa\/wp-json\/wp\/v2\/pages\/54\/revisions"}],"predecessor-version":[{"id":440,"href":"https:\/\/ofm.mt\/KummissarjatArtImqaddsa\/wp-json\/wp\/v2\/pages\/54\/revisions\/440"}],"wp:attachment":[{"href":"https:\/\/ofm.mt\/KummissarjatArtImqaddsa\/wp-json\/wp\/v2\/media?parent=54"}],"curies":[{"name":"wp","href":"https:\/\/api.w.org\/{rel}","templated":true}]}}