{"id":56,"date":"2022-12-12T22:33:37","date_gmt":"2022-12-12T22:33:37","guid":{"rendered":"https:\/\/ofm.mt\/KummissarjatArtImqaddsa\/?page_id=56"},"modified":"2025-09-29T17:45:05","modified_gmt":"2025-09-29T15:45:05","slug":"courses","status":"publish","type":"page","link":"https:\/\/ofm.mt\/KummissarjatArtImqaddsa\/courses\/","title":{"rendered":"Courses"},"content":{"rendered":"<div class=\"wp-block-image is-style-rounded\">\n<figure class=\"aligncenter size-large is-resized\"><img fetchpriority=\"high\" decoding=\"async\" width=\"1024\" height=\"1024\" src=\"https:\/\/ofm.mt\/KummissarjatArtImqaddsa\/wp-content\/uploads\/2022\/11\/Courses-1024x1024.png\" alt=\"\" class=\"wp-image-39\" style=\"width:368px;height:368px\" srcset=\"https:\/\/ofm.mt\/KummissarjatArtImqaddsa\/wp-content\/uploads\/2022\/11\/Courses-1024x1024.png 1024w, https:\/\/ofm.mt\/KummissarjatArtImqaddsa\/wp-content\/uploads\/2022\/11\/Courses-300x300.png 300w, https:\/\/ofm.mt\/KummissarjatArtImqaddsa\/wp-content\/uploads\/2022\/11\/Courses-150x150.png 150w, https:\/\/ofm.mt\/KummissarjatArtImqaddsa\/wp-content\/uploads\/2022\/11\/Courses-768x769.png 768w, https:\/\/ofm.mt\/KummissarjatArtImqaddsa\/wp-content\/uploads\/2022\/11\/Courses.png 1430w\" sizes=\"(max-width: 1024px) 100vw, 1024px\" \/><\/figure><\/div>\n\n\n<div style=\"height:100px\" aria-hidden=\"true\" class=\"wp-block-spacer\"><\/div>\n\n\n\n<h3 class=\"wp-block-heading\">Id-Dixxipulat fit-Testment il-\u0120did<\/h3>\n\n\n\n<p><strong><em>Kors Organizzat&nbsp;mill-Kummissarjat&nbsp;tal-Art Imqaddsa, Malta<\/em><\/strong><\/p>\n\n\n\n<p><strong>Kelliem:<\/strong> Dun Martin Micallef<\/p>\n\n\n\n<p><strong>Post:<\/strong> Sala Terra Sancta, Nru 7, Triq Santa Lu\u010bija, Valletta<br><strong>Dati:<\/strong><\/p>\n\n\n\n<ul class=\"wp-block-list\">\n<li>20 ta\u2019 Novembru 2025: Id-dixxipulat fl-Evan\u0121elju skont San Mark<\/li>\n\n\n\n<li>27 ta\u2019 Novembru 2025 \u2013 Id-dixxipulat fl-Evan\u0121elju skont San Mattew<\/li>\n\n\n\n<li>8 ta\u2019 Jann ar 2026 \u2013 Id-dixxipulat fl-Evan\u0121elju skont San Luqa<\/li>\n\n\n\n<li>15 ta\u2019 Jann ar 2026 \u2013 Id-dixxipulat fl-Evan\u0121elju skont San \u0120wann<\/li>\n\n\n\n<li>22 ta\u2019 Jann ar 2026 \u2013 Id-dixxipulat fl-Ittri ta\u2019 San Pawl<\/li>\n\n\n\n<li>29 ta\u2019 Jann ar 2026 \u2013 Id-dixxipulat fil-Ktieb tal-Apokalissi<\/li>\n<\/ul>\n\n\n\n<p><\/p>\n\n\n\n<p class=\"has-text-align-center\"><strong>L-applikazzjoni g\u0127ar-re\u0121istrazzjoni tal-Kors trid tasal mhux aktar tard mil-31 ta\u2019 Ottubru 2025.<br>Ji\u0121u kkunsidrati l-ewwel 50 applikazzjoni<br>Il-\u0127las g\u0127all-kors kollu huwa: \u20ac15.00 kull persuna<\/strong><\/p>\n\n\n\n<p><\/p>\n\n\n\n<p><a href=\"https:\/\/ofm.mt\/KummissarjatArtImqaddsa\/wp-content\/uploads\/2025\/09\/Kors_Novembru_2025.pdf\" data-type=\"attachment\" data-id=\"437\" target=\"_blank\" rel=\"noreferrer noopener\">Ni\u017c\u017cel il-flyer<\/a><\/p>\n\n\n\n<p><\/p>\n\n\n\n<h5 class=\"wp-block-heading\">Nota dwar il-Kelliem<\/h5>\n\n\n\n<p><strong>Il-Professur Fr Martin Micallef<\/strong> huwa lettur tal-Kotba Mqaddsa fil-Fakult\u00e0 tat-Teologija, fI-Universit\u00e0 ta\u2019 Malta. Huwa g\u0127amel l-istudji tieg\u0127u fl-Universit\u00e0 ta\u2019 Malta u fl-Universit\u00e0 ta\u2019 Oxford. Huwa l-editur tar-rivista tal-Fakult\u00e0 tat-Teologija <em>Melita Theologica<\/em>.<\/p>\n\n\n\n<p><\/p>\n\n\n\n<p><\/p>\n\n\n\n<h5 class=\"wp-block-heading\">Inkiteb issa<\/h5>\n\n\n\n<div class=\"wp-block-contact-form-7-contact-form-selector\">\n<div class=\"wpcf7 no-js\" id=\"wpcf7-f307-o1\" lang=\"en-US\" dir=\"ltr\" data-wpcf7-id=\"307\">\n<div class=\"screen-reader-response\"><p role=\"status\" aria-live=\"polite\" aria-atomic=\"true\"><\/p> <ul><\/ul><\/div>\n<form action=\"\/KummissarjatArtImqaddsa\/wp-json\/wp\/v2\/pages\/56#wpcf7-f307-o1\" method=\"post\" class=\"wpcf7-form init\" aria-label=\"Contact form\" novalidate=\"novalidate\" data-status=\"init\">\n<fieldset class=\"hidden-fields-container\"><input type=\"hidden\" name=\"_wpcf7\" value=\"307\" \/><input type=\"hidden\" name=\"_wpcf7_version\" value=\"6.1.5\" \/><input type=\"hidden\" name=\"_wpcf7_locale\" value=\"en_US\" \/><input type=\"hidden\" name=\"_wpcf7_unit_tag\" value=\"wpcf7-f307-o1\" \/><input type=\"hidden\" name=\"_wpcf7_container_post\" value=\"0\" \/><input type=\"hidden\" name=\"_wpcf7_posted_data_hash\" value=\"\" \/>\n<\/fieldset>\n<p><span class=\"wpcf7-form-control-wrap\" data-name=\"your-name\"><input size=\"40\" maxlength=\"400\" class=\"wpcf7-form-control wpcf7-text wpcf7-validates-as-required\" autocomplete=\"name\" aria-required=\"true\" aria-invalid=\"false\" placeholder=\"Isem u Kunjom\" value=\"\" type=\"text\" name=\"your-name\" \/><\/span>\n<\/p>\n<p><span class=\"wpcf7-form-control-wrap\" data-name=\"your-email\"><input size=\"40\" maxlength=\"400\" class=\"wpcf7-form-control wpcf7-email wpcf7-validates-as-required wpcf7-text wpcf7-validates-as-email\" autocomplete=\"email\" aria-required=\"true\" aria-invalid=\"false\" placeholder=\"L-Email tieg\u0127ek\" value=\"\" type=\"email\" name=\"your-email\" \/><\/span>\n<\/p>\n<p><span class=\"wpcf7-form-control-wrap\" data-name=\"mobile-no\"><input size=\"40\" maxlength=\"400\" class=\"wpcf7-form-control wpcf7-tel wpcf7-text wpcf7-validates-as-tel\" aria-invalid=\"false\" placeholder=\"tel\/mobajl\" value=\"\" type=\"tel\" name=\"mobile-no\" \/><\/span>\n<\/p>\n<p><span class=\"wpcf7-form-control-wrap\" data-name=\"your-message\"><textarea cols=\"40\" rows=\"10\" maxlength=\"2000\" class=\"wpcf7-form-control wpcf7-textarea\" aria-invalid=\"false\" placeholder=\"Il-messa\u0121\u0121 li tixtieq tg\u0127addielna (jekk trid)\" name=\"your-message\"><\/textarea><\/span>\n<\/p>\n<p><input class=\"wpcf7-form-control wpcf7-submit has-spinner\" type=\"submit\" value=\"Submit\" \/>\n<\/p><div class=\"wpcf7-response-output\" aria-hidden=\"true\"><\/div>\n<\/form>\n<\/div>\n<\/div>\n","protected":false},"excerpt":{"rendered":"<p>Id-Dixxipulat fit-Testment il-\u0120did Kors Organizzat&nbsp;mill-Kummissarjat&nbsp;tal-Art Imqaddsa, Malta Kelliem: Dun Martin Micallef Post: Sala Terra Sancta, Nru 7, Triq Santa Lu\u010bija, VallettaDati: L-applikazzjoni g\u0127ar-re\u0121istrazzjoni tal-Kors trid tasal mhux aktar tard mil-31 ta\u2019 Ottubru 2025.Ji\u0121u kkunsidrati l-ewwel 50 applikazzjoniIl-\u0127las g\u0127all-kors kollu huwa: \u20ac15.00 kull persuna Ni\u017c\u017cel il-flyer Nota dwar il-Kelliem Il-Professur Fr Martin Micallef huwa lettur tal-Kotba [&hellip;]<\/p>\n","protected":false},"author":1,"featured_media":0,"parent":0,"menu_order":0,"comment_status":"closed","ping_status":"closed","template":"","meta":{"_coblocks_attr":"","_coblocks_dimensions":"","_coblocks_responsive_height":"","_coblocks_accordion_ie_support":"","hide_page_title":"","footnotes":""},"class_list":["post-56","page","type-page","status-publish","hentry"],"_links":{"self":[{"href":"https:\/\/ofm.mt\/KummissarjatArtImqaddsa\/wp-json\/wp\/v2\/pages\/56","targetHints":{"allow":["GET"]}}],"collection":[{"href":"https:\/\/ofm.mt\/KummissarjatArtImqaddsa\/wp-json\/wp\/v2\/pages"}],"about":[{"href":"https:\/\/ofm.mt\/KummissarjatArtImqaddsa\/wp-json\/wp\/v2\/types\/page"}],"author":[{"embeddable":true,"href":"https:\/\/ofm.mt\/KummissarjatArtImqaddsa\/wp-json\/wp\/v2\/users\/1"}],"replies":[{"embeddable":true,"href":"https:\/\/ofm.mt\/KummissarjatArtImqaddsa\/wp-json\/wp\/v2\/comments?post=56"}],"version-history":[{"count":7,"href":"https:\/\/ofm.mt\/KummissarjatArtImqaddsa\/wp-json\/wp\/v2\/pages\/56\/revisions"}],"predecessor-version":[{"id":443,"href":"https:\/\/ofm.mt\/KummissarjatArtImqaddsa\/wp-json\/wp\/v2\/pages\/56\/revisions\/443"}],"wp:attachment":[{"href":"https:\/\/ofm.mt\/KummissarjatArtImqaddsa\/wp-json\/wp\/v2\/media?parent=56"}],"curies":[{"name":"wp","href":"https:\/\/api.w.org\/{rel}","templated":true}]}}