{"id":642,"date":"2019-01-26T10:53:03","date_gmt":"2019-01-26T09:53:03","guid":{"rendered":"https:\/\/ofm.mt\/ofmmt\/?page_id=642"},"modified":"2026-01-17T08:42:18","modified_gmt":"2026-01-17T07:42:18","slug":"patrijiet-u-kunventi","status":"publish","type":"page","link":"https:\/\/ofm.mt\/ofmmt\/direttorju-ofm\/patrijiet-u-kunventi\/","title":{"rendered":"Friars and Convents"},"content":{"rendered":"<p>Information about the Friars and the convents where they reside (updated 1 Oct 2024).<br \/>\n<em>The date in parenthesis is that of their Presbyterial\/Episcopal ordination<\/em><\/p>\n<p><strong>Kunvent Santa Marija ta\u2019 \u0120es\u00f9 &#8211; Rabat<\/strong><br \/>\n<strong> Triq San Pawl, Rabat RBT 1245 (T: 21454594)<\/strong><\/p>\n<p>Br Clive Camilleri ofm (Guardian) (30 June 2017)<br \/>\nBr Richard Stanley Grech ofm (25 August 1979)<br \/>\nBr Paul Attard ofm (7 July 1985)<br \/>\nBr Christopher Farrugia ofm (10 July 1987)<br \/>\nBr Lorrie Zerafa ofm<\/p>\n<p><strong>Kunvent Santa Marija ta\u2019 \u0120es\u00f9 &#8211; Valletta<\/strong><br \/>\n<strong> 291, Triq San Pawl, Valletta VLT 1213 (T: 21234042)<\/strong><\/p>\n<p>Br Ramon Farrugia ofm (Guardian) (30 June 2017)<br \/>\nBr Twanny Chricop ofm (Provincial) (7 July 1985)<br \/>\nBr\u00a0Edward Zammit ofm (11 March 1967)<br \/>\nBr Albert Micallef ofm (3 July 1976)<br \/>\nBr Noel Muscat ofm (29 June 1984)<\/p>\n<p><strong>Kunvent Madonna tas-Sacro Cuor \u2013 Sliema<\/strong><br \/>\n<strong> Triq Dun Pawl Vella, Sliema SLM 1184 (T: 21331183)<\/strong><\/p>\n<p>Br Martin Coleiro ofm (Guardian) (1 September 1986)<br \/>\nBr Julian Sammut ofm (10 July 1983)<br \/>\nBr Mark Enriquez ofm (29 March 1969)<br \/>\nBr Charles Diacono ofm (20 July 1974)<br \/>\nBr Joe Caruana ofm (7 July 1979)<\/p>\n<p><strong>Kunvent San Fran\u0121isk \u2013 \u0126amrun<\/strong><br \/>\n<strong> Triq Il-Frangiskani, \u0126amrun HMR 1192 (T: 21234316)<\/strong><\/p>\n<p>Br Pawl Galea ofm (3 July 1976)<br \/>\nBr Stephen Magro ofm (28 May 2011)<br \/>\nBr Marcellino Micallef ofm (29 June 1984)<br \/>\nBr Stephen Sciberras ofm (5 July 1995)<br \/>\nBr Joseph Magro ofm (12 July 2002)<\/p>\n<p><strong>Kunvent Santa Marija tal-An\u0121li \u2013 Ba\u0127ar i\u010b-\u010aag\u0127aq<\/strong><br \/>\n<strong> Triq ix-Xambekk, Ba\u0127ar i\u010b-\u010aag\u0127aq NXR 5073 (T: 21378639)<\/strong><\/p>\n<p>Br Mark Ciantar ofm (5 July 1996)<br \/>\nBr Raymond Falzon ofm (10 July 1983)<\/p>\n<p><strong>Porziuncola Retreat House \u2013 Ba\u0127ar i\u010b-\u010aag\u0127aq<\/strong><br \/>\nBr Eddie Pace ofm (15 March 1970)<br \/>\nBr Anton Farrugia ofm (12 July 1988)<\/p>\n<p><strong>Dar Frate Jacoba \u2013 Wied il-G\u0127ajn<\/strong><br \/>\n<strong> Triq Wied i\u017c-\u017biju, Wied il-G\u0127ajn MSK 2502 (T: 20995249)<\/strong><\/p>\n<p>P. Raymond Scicluna ofm (10 July 1983)<\/p>\n<p><strong>Laboratorju tal-Pa\u010bi \u2013 \u0126al Far<\/strong><br \/>\n<strong> Triq \u0126al Far, \u017burrieq, ZRQ 2609 (T: 21651552)<\/strong><\/p>\n<p>P. Dijonisju Mintoff ofm (7 August 1955)<\/p>\n<p><strong>Kunvent Sant\u2019Antnin \u2013 G\u0127awdex<\/strong><br \/>\n<strong> Triq Sant\u2019 Antnin, G\u0127ajnsielem GSM 9024 (T: 21556095)<\/strong><\/p>\n<p>Br Marcello Ghirlando ofm (Guardian) (5 July 1986)<br \/>\nBr Walter Vassallo ofm (29 June 2012)<br \/>\nBr Gabriel Micallef ofm (22 March 1969)<br \/>\nBr \u0120wann Azzopardi ofm (15 March 1970)<\/p>\n<p>Mons. George Bugeja ofm (4 September 2015)<br \/>\nBr \u0120u\u017cepp Debono ofm<br \/>\nBr Christopher Bilocca ofm<br \/>\nBr Andr\u00e8 Bonaci ofm<br \/>\nBr Darren Abela ofm<\/p>\n<p><strong>Responsabbli mill-Provin\u010bjal<\/strong><br \/>\nBr Tony Briffa ofm (11 July 1986)<br \/>\nBr Norbert Ellul Vincenti ofm (12 March 1960)<\/p>\n<p><strong>Brothers living outside Malta<\/strong><\/p>\n<p><strong>Canada<\/strong><br \/>\nBr Charles Grech ofm (12 July 2002)<\/p>\n<p><strong>United Kingdom<\/strong><br \/>\nBr Victor Camilleri ofm (22 March 1969)<\/p>\n<p><strong>Italy<\/strong><br \/>\nBr Jimmy Zammit ofm (13 June 1981)<br \/>\nBr Alex Borg ofm (10 July 1983)<br \/>\nBr Pierre Farrugia ofm (24 June 2004)<\/p>\n<p><strong>Bishops<\/strong><\/p>\n<p><strong>Juticalpa, Honduras<\/strong><br \/>\nMons. Joe Bonello ofm (12 February 2011)<\/p>\n<p><strong>Comayagua, Honduras<\/strong><br \/>\nMons. Angelo Falzon ofm (2024)<\/p>\n<p><strong>Benghazi, Libja<\/strong><br \/>\nMons. Sandro Overend ofm (22 August 2023)<\/p>\n","protected":false},"excerpt":{"rendered":"<p>Information about the Friars and the convents where they reside (updated 1 Oct 2024). The date in parenthesis is that of their Presbyterial\/Episcopal ordination Kunvent&hellip; <\/p>\n","protected":false},"author":1,"featured_media":0,"parent":498,"menu_order":0,"comment_status":"closed","ping_status":"closed","template":"","meta":{"jetpack_post_was_ever_published":false,"footnotes":"","_links_to":"","_links_to_target":""},"class_list":["post-642","page","type-page","status-publish","hentry"],"jetpack_sharing_enabled":true,"jetpack_shortlink":"https:\/\/wp.me\/PaH0LY-am","_links":{"self":[{"href":"https:\/\/ofm.mt\/ofmmt\/wp-json\/wp\/v2\/pages\/642","targetHints":{"allow":["GET"]}}],"collection":[{"href":"https:\/\/ofm.mt\/ofmmt\/wp-json\/wp\/v2\/pages"}],"about":[{"href":"https:\/\/ofm.mt\/ofmmt\/wp-json\/wp\/v2\/types\/page"}],"author":[{"embeddable":true,"href":"https:\/\/ofm.mt\/ofmmt\/wp-json\/wp\/v2\/users\/1"}],"replies":[{"embeddable":true,"href":"https:\/\/ofm.mt\/ofmmt\/wp-json\/wp\/v2\/comments?post=642"}],"version-history":[{"count":22,"href":"https:\/\/ofm.mt\/ofmmt\/wp-json\/wp\/v2\/pages\/642\/revisions"}],"predecessor-version":[{"id":3590,"href":"https:\/\/ofm.mt\/ofmmt\/wp-json\/wp\/v2\/pages\/642\/revisions\/3590"}],"up":[{"embeddable":true,"href":"https:\/\/ofm.mt\/ofmmt\/wp-json\/wp\/v2\/pages\/498"}],"wp:attachment":[{"href":"https:\/\/ofm.mt\/ofmmt\/wp-json\/wp\/v2\/media?parent=642"}],"curies":[{"name":"wp","href":"https:\/\/api.w.org\/{rel}","templated":true}]}}