{"id":793,"date":"2019-02-01T05:26:21","date_gmt":"2019-02-01T04:26:21","guid":{"rendered":"https:\/\/ofm.mt\/ofmmt\/?page_id=793"},"modified":"2024-10-03T22:41:08","modified_gmt":"2024-10-03T20:41:08","slug":"province-administration","status":"publish","type":"page","link":"https:\/\/ofm.mt\/ofmmt\/province-administration\/","title":{"rendered":"Provincial Administration"},"content":{"rendered":"\n<p><strong>Provincial Curia<\/strong><br>\n291, St. Paul&#8217;s Str<br>\nValletta, Malta<br>\nTel: 21242254<br>\ninternational dialing code: +356\n\t<\/p>\n\n\n\n<h4 class=\"wp-block-heading\"><strong>Minister Provincial<\/strong><\/h4>\n\n\n\n<figure class=\"wp-block-image\"><img data-recalc-dims=\"1\" decoding=\"async\" src=\"https:\/\/i0.wp.com\/ofm.mt\/ofmmt\/wp-content\/uploads\/2021\/01\/DPTwanny2.jpg?w=790&#038;ssl=1\" alt=\"DPTwanny2\" title=\"DPTwanny2\"\/><\/figure>\n\n\n\n<p>Fr. Anthony Chircop<br>(provin cial@ofm.mt)<\/p>\n\n\n\n<h4 class=\"wp-block-heading\"><strong>Vicar Provincial<\/strong><\/h4>\n\n\n\n<figure class=\"wp-block-image\"><img data-recalc-dims=\"1\" decoding=\"async\" src=\"https:\/\/i0.wp.com\/ofm.mt\/ofmmt\/wp-content\/uploads\/2019\/01\/DPmarcelloG.jpg?w=790&#038;ssl=1\" alt=\"Fr. Marcello Ghirlando\" title=\"DPmarcelloG\"\/><\/figure>\n\n\n\n<p> Fr. Marcello Ghirlando<\/p>\n\n\n\n<h4 class=\"wp-block-heading\"><strong>Provincial Bursar<\/strong><\/h4>\n\n\n\n<figure class=\"wp-block-image\"><img data-recalc-dims=\"1\" decoding=\"async\" src=\"https:\/\/i0.wp.com\/ofm.mt\/ofmmt\/wp-content\/uploads\/2020\/07\/DPramon2.jpg?w=790&#038;ssl=1\" alt=\"Fr. Ramon Farrugia\" title=\"DPramon2\"\/><\/figure>\n\n\n\n<p>Fr Ramon Farrugia ofm<br>(eco nomo@ofm.mt)<\/p>\n\n\n\n<h4 class=\"wp-block-heading\">Provincial Definitors<\/h4>\n\n\n\n<figure class=\"wp-block-image\"><img data-recalc-dims=\"1\" decoding=\"async\" src=\"https:\/\/i0.wp.com\/ofm.mt\/ofmmt\/wp-content\/uploads\/2019\/01\/DPMartin.jpg?w=790&#038;ssl=1\" alt=\"Fr. Martin Coleiro\" title=\"DPMartin\"\/><\/figure>\n\n\n\n<p>\n\t\tFr. Martin Coleiro\n\t\t\t\t<\/p>\n\n\n\n<figure class=\"wp-block-image\"><img data-recalc-dims=\"1\" decoding=\"async\" src=\"https:\/\/i0.wp.com\/ofm.mt\/ofmmt\/wp-content\/uploads\/2019\/01\/DPLorrie.jpg?w=790&#038;ssl=1\" alt=\"Fr. Lorrie Zerafa\" title=\"DPLorrie\"\/><\/figure>\n\n\n\n<p>\n\t\tFr. Lorrie Zerafa\n\t\t\t\t<\/p>\n\n\n\n<figure class=\"wp-block-image\"><img data-recalc-dims=\"1\" decoding=\"async\" src=\"https:\/\/i0.wp.com\/ofm.mt\/ofmmt\/wp-content\/uploads\/2019\/01\/DPClive.jpg?w=790&#038;ssl=1\" alt=\"Fr. Clive Camilleri\" title=\"DPClive\"\/><\/figure>\n\n\n\n<p>\n\t\tFr. Clive Camilleri\n\t\t\t\t<\/p>\n\n\n\n<figure class=\"wp-block-image\"><img data-recalc-dims=\"1\" decoding=\"async\" src=\"https:\/\/i0.wp.com\/ofm.mt\/ofmmt\/wp-content\/uploads\/2020\/07\/DPramon2.jpg?w=790&#038;ssl=1\" alt=\"Fr. Ramon Farrugia\" title=\"DPramon2\"\/><\/figure>\n\n\n\n<p> Fr. Ramon Farrugia<\/p>\n\n\n\n<p><strong>Provincial Secretary<\/strong><\/p>\n\n\n\n<figure class=\"wp-block-image size-full\"><a href=\"https:\/\/i0.wp.com\/ofm.mt\/ofmmt\/wp-content\/uploads\/2023\/09\/DPnoelM-1.webp?ssl=1\"><img data-recalc-dims=\"1\" loading=\"lazy\" decoding=\"async\" width=\"227\" height=\"227\" src=\"https:\/\/i0.wp.com\/ofm.mt\/ofmmt\/wp-content\/uploads\/2023\/09\/DPnoelM-1.webp?resize=227%2C227&#038;ssl=1\" alt=\"\" class=\"wp-image-3062\" srcset=\"https:\/\/i0.wp.com\/ofm.mt\/ofmmt\/wp-content\/uploads\/2023\/09\/DPnoelM-1.webp?w=227&amp;ssl=1 227w, https:\/\/i0.wp.com\/ofm.mt\/ofmmt\/wp-content\/uploads\/2023\/09\/DPnoelM-1.webp?resize=150%2C150&amp;ssl=1 150w\" sizes=\"auto, (max-width: 227px) 100vw, 227px\" \/><\/a><\/figure>\n\n\n\n<p>Fr. Noel Muscat (sec retary@ofm.mt)<\/p>\n\n\n\n<p><strong>Guardians of our Friaries<\/strong> Valletta &#8211; Fr. Ramon Farrugia &#8211; tel. 21234042<br><a rel=\"noopener noreferrer\" href=\"https:\/\/www.facebook.com\/TaGiezuRabat\/\" target=\"_blank\">Rabat<\/a> &#8211; Fr. Clive Camilleri&nbsp;&#8211; tel. 21454594<br><a title=\"\u0126amrun Fraternity\" rel=\"noopener noreferrer\" href=\"https:\/\/www.facebook.com\/KnisjaSanFrangiskHamrun\/\" target=\"_blank\">\u0126amrun<\/a> &#8211; Fr. Paul Galea &#8211; tel. 21234316<br><a rel=\"noopener\" href=\"http:\/\/sacrocuorsliema.com\/\" target=\"_blank\">Sliema<\/a> &#8211; Fr. Martin Coleiro &#8211; tel. 21331183<br><a rel=\"noopener noreferrer\" href=\"https:\/\/www.facebook.com\/KnisjaSantAntninGhajnsielem\" target=\"_blank\">Gozo<\/a> &#8211; Fr. Marcello Ghirlando &#8211; tel. 21556095<br><a rel=\"noopener noreferrer\" href=\"https:\/\/www.facebook.com\/KnisjaSantaMarijaTalAngliBaharIcCaghaq\" target=\"_blank\">St. Mary Ba\u0127ar i\u010b-\u010aag\u0127aq<\/a> &#8211; Fr. Marck Ciantar &#8211; tel. 21381965 <\/p>\n\n\n\n<p>_____________________________________________________<\/p>\n\n\n\n<p><strong>Formation<\/strong>\nSecretary for Formation and Studies &#8211; Fr. Noel Muscat OFM &#8211; tel.21234042<br>\nSecretary For Initial Formation &#8211; Fr. Noel Muscat &#8211; tel.21234042<br>\nSecretary On-going Formation &#8211; Fr. Noel Muscat OFM<br><a href=\"https:\/\/www.facebook.com\/FranciscanVocationsMalta\" target=\"_blank\" rel=\"noopener noreferrer\">Promotor of Vocations<\/a> &#8211; Fr. Lorrie Zerafa OFM &#8211; tel. 21454594\n<\/p>\n\n\n\n<p>_____________________________________________________<\/p>\n\n\n\n<p><strong>Others<\/strong><\/p>\n\n\n\n<p><a href=\"http:\/\/ofm.org.mt\">Web Site Administration<\/a> &#8211; Fr. Walter Vassallo<br><a rel=\"noopener noreferrer\" href=\"http:\/\/www.i-tau.com\/comalt\/\" target=\"_blank\">Commissary of the Holy Land<\/a> &#8211; Fr. Anthony Chircop &#8211; tel. 21242254<br> National Assistant SFO &#8211; Fr. Stephen Magro &#8211; tel. 21454594<br> Provincial Bursar &#8211; Fr. Ramon Farrugia &#8211; tel. 21234042<br><a rel=\"noopener\" href=\"https:\/\/www.facebook.com\/zjarafrangiskana\/\" target=\"_blank\">\u017bjara Fran\u0121iskana<\/a> &#8211; Fr. Lorrie Zerafa &#8211; tel. 21454594<br> Secretary for Missions &#8211; Fr. Lorrie Zerafa &#8211; tel. 21454594<br>Secretary for Evangelisation &#8211; Fr. Mark Ciantar &#8211; 21381965<br> &#8220;\u0120es\u00f9 il-\u0126abib&#8221; Chapel &#8211; Fr. Richard S. Grech &#8211; tel. 21313353<br> Secretary for J.P.I.C &#8211; Fr. Dionysius Mintoff OFM <\/p>\n","protected":false},"excerpt":{"rendered":"<p>Provincial Curia 291, St. Paul&#8217;s Str Valletta, Malta Tel: 21242254 international dialing code: +356 Minister Provincial Fr. Anthony Chircop(provin cial@ofm.mt) Vicar Provincial Fr. Marcello Ghirlando&hellip; <\/p>\n","protected":false},"author":1,"featured_media":0,"parent":0,"menu_order":0,"comment_status":"closed","ping_status":"closed","template":"","meta":{"jetpack_post_was_ever_published":false,"footnotes":"","_links_to":"","_links_to_target":""},"class_list":["post-793","page","type-page","status-publish","hentry"],"jetpack_sharing_enabled":true,"jetpack_shortlink":"https:\/\/wp.me\/PaH0LY-cN","_links":{"self":[{"href":"https:\/\/ofm.mt\/ofmmt\/wp-json\/wp\/v2\/pages\/793","targetHints":{"allow":["GET"]}}],"collection":[{"href":"https:\/\/ofm.mt\/ofmmt\/wp-json\/wp\/v2\/pages"}],"about":[{"href":"https:\/\/ofm.mt\/ofmmt\/wp-json\/wp\/v2\/types\/page"}],"author":[{"embeddable":true,"href":"https:\/\/ofm.mt\/ofmmt\/wp-json\/wp\/v2\/users\/1"}],"replies":[{"embeddable":true,"href":"https:\/\/ofm.mt\/ofmmt\/wp-json\/wp\/v2\/comments?post=793"}],"version-history":[{"count":34,"href":"https:\/\/ofm.mt\/ofmmt\/wp-json\/wp\/v2\/pages\/793\/revisions"}],"predecessor-version":[{"id":3305,"href":"https:\/\/ofm.mt\/ofmmt\/wp-json\/wp\/v2\/pages\/793\/revisions\/3305"}],"wp:attachment":[{"href":"https:\/\/ofm.mt\/ofmmt\/wp-json\/wp\/v2\/media?parent=793"}],"curies":[{"name":"wp","href":"https:\/\/api.w.org\/{rel}","templated":true}]}}