{"id":855,"date":"2019-02-02T09:41:27","date_gmt":"2019-02-02T08:41:27","guid":{"rendered":"https:\/\/ofm.mt\/ofmmt\/?page_id=855"},"modified":"2026-01-17T08:38:40","modified_gmt":"2026-01-17T07:38:40","slug":"in-eternal-rest","status":"publish","type":"page","link":"https:\/\/ofm.mt\/ofmmt\/in-eternal-rest\/","title":{"rendered":"In Eternal Rest"},"content":{"rendered":"\n<figure class=\"wp-block-table has-medium-font-size\"><table><thead><tr><th>Name of Friar<\/th><th>Date of Death<\/th><\/tr><\/thead><tbody><tr><td>Godfrey Micallef<\/td><td>17-01-2026<\/td><\/tr><tr><td>Alfred Sciberras<\/td><td>03-01-2024<\/td><\/tr><tr><td>\u0120wann Micallef<\/td><td>04-03-2022<\/td><\/tr><tr><td>\u0120u\u017cepp Camilleri<\/td><td>11-09-2021<\/td><\/tr><tr><td>+ Sylvester Carmel Magro<\/td><td>20-01-2018<\/td><\/tr><tr><td>Cherubin Galea<\/td><td>21-12-2017<\/td><\/tr><tr><td>Sebastian Camilleri<\/td><td>10-02-2017<\/td><\/tr><tr><td>Anthony (k\/a Tonin) Vella<\/td><td>08-01-2014<\/td><\/tr><tr><td>Benjamin (Carmelo) Galea<\/td><td>18-04-2013<\/td><\/tr><tr><td>Peter Paul (Joseph) Meliak<\/td><td>04-04-2013<\/td><\/tr><tr><td>Camillus Aquilina<\/td><td>05-11-2012<\/td><\/tr><tr><td>Ivo Tonna<\/td><td>06-10-2012<\/td><\/tr><tr><td>Justin (Frank) Sciortino<\/td><td>06-09-2012<\/td><\/tr><tr><td>George Aquilina<\/td><td>29-09-2012<\/td><\/tr><tr><td>Joseph Vella<\/td><td>11-07-2012<\/td><\/tr><tr><td>Guido Schembri<\/td><td>11-04-2012<\/td><\/tr><tr><td>John Abela<\/td><td>19-12-2010<\/td><\/tr><tr><td>John Schranz<\/td><td>23-03-2010<\/td><\/tr><tr><td>Charles Tonna<\/td><td>24-10-2008<\/td><\/tr><tr><td>Bernardine Sant<\/td><td>30-08-2008<\/td><\/tr><tr><td>Charles Wichman<\/td><td>16-04-2008<\/td><\/tr><tr><td>Joseph Benedict Xuereb<\/td><td>11-10-2007<\/td><\/tr><tr><td>Henry Cassar<\/td><td>02-04-2007<\/td><\/tr><tr><td>Vincent Galea<\/td><td>21-08-2005<\/td><\/tr><tr><td>Bernard Bartolo<\/td><td>08-01-2005<\/td><\/tr><tr><td>Joseph Micallef<\/td><td>24-10-2004<\/td><\/tr><tr><td>Joachim Grech<\/td><td>23-04-2004<\/td><\/tr><tr><td>Anselm Chetcuti<\/td><td>17-08-2003<\/td><\/tr><tr><td>Eugenio Fenech<\/td><td>09-11-2001<\/td><\/tr><tr><td>Felix Mansueto<\/td><td>05-03-2001<\/td><\/tr><tr><td>Aegidius Ferriggi<\/td><td>21-01-2000<\/td><\/tr><tr><td>Louis Pace<\/td><td>16-08-1999<\/td><\/tr><tr><td>Pierre Battistsa Farrugia<\/td><td>21-09-1998<\/td><\/tr><tr><td>Dominic Coppola<\/td><td>18-08-1998<\/td><\/tr><tr><td>Augustine Portelli<\/td><td>05-03-1997<\/td><\/tr><tr><td>Alphonse M. Camilleri<\/td><td>16-08-1994<\/td><\/tr><tr><td>Remigius Vella<\/td><td>02-04-1994<\/td><\/tr><tr><td>Hugh Attard<\/td><td>01-03-1994<\/td><\/tr><tr><td>Julius Eynaud<\/td><td>10-02-1994<\/td><\/tr><tr><td>Philip Degiovanni<\/td><td>16-09-1993<\/td><\/tr><tr><td>Paschal Grech<\/td><td>05-02-1993<\/td><\/tr><tr><td>Paul Micallef<\/td><td>02-01-1992<\/td><\/tr><tr><td>Benedict Ellul Mercer<\/td><td>11-08-1992<\/td><\/tr><tr><td>Sebastian Buhagiar<\/td><td>30-09-1991<\/td><\/tr><tr><td>Daniel Azzopardi<\/td><td>28-04-1991<\/td><\/tr><tr><td>Carmel Frendo<\/td><td>01-07-1990<\/td><\/tr><tr><td>Pius Micallef<\/td><td>26-07-1988<\/td><\/tr><tr><td>Isaiah Busuttil<\/td><td>30-04-1988<\/td><\/tr><tr><td>Marianus Vella<\/td><td>25-02-1988<\/td><\/tr><tr><td>Thomas Scicluna<\/td><td>09-04-0986<\/td><\/tr><tr><td>Francis Xavier Cauchi<\/td><td>24-03-1986<\/td><\/tr><tr><td>Bernard Hersey<\/td><td>27-02-1986<\/td><\/tr><tr><td>John Forest Campbell<\/td><td>24-01-1986<\/td><\/tr><\/tbody><\/table><\/figure>\n","protected":false},"excerpt":{"rendered":"<p>Name of Friar Date of Death Godfrey Micallef 17-01-2026 Alfred Sciberras 03-01-2024 \u0120wann Micallef 04-03-2022 \u0120u\u017cepp Camilleri 11-09-2021 + Sylvester Carmel Magro 20-01-2018 Cherubin Galea&hellip; <\/p>\n","protected":false},"author":1,"featured_media":0,"parent":0,"menu_order":0,"comment_status":"closed","ping_status":"closed","template":"","meta":{"jetpack_post_was_ever_published":false,"footnotes":"","_links_to":"","_links_to_target":""},"class_list":["post-855","page","type-page","status-publish","hentry"],"jetpack_sharing_enabled":true,"jetpack_shortlink":"https:\/\/wp.me\/PaH0LY-dN","_links":{"self":[{"href":"https:\/\/ofm.mt\/ofmmt\/wp-json\/wp\/v2\/pages\/855","targetHints":{"allow":["GET"]}}],"collection":[{"href":"https:\/\/ofm.mt\/ofmmt\/wp-json\/wp\/v2\/pages"}],"about":[{"href":"https:\/\/ofm.mt\/ofmmt\/wp-json\/wp\/v2\/types\/page"}],"author":[{"embeddable":true,"href":"https:\/\/ofm.mt\/ofmmt\/wp-json\/wp\/v2\/users\/1"}],"replies":[{"embeddable":true,"href":"https:\/\/ofm.mt\/ofmmt\/wp-json\/wp\/v2\/comments?post=855"}],"version-history":[{"count":12,"href":"https:\/\/ofm.mt\/ofmmt\/wp-json\/wp\/v2\/pages\/855\/revisions"}],"predecessor-version":[{"id":3588,"href":"https:\/\/ofm.mt\/ofmmt\/wp-json\/wp\/v2\/pages\/855\/revisions\/3588"}],"wp:attachment":[{"href":"https:\/\/ofm.mt\/ofmmt\/wp-json\/wp\/v2\/media?parent=855"}],"curies":[{"name":"wp","href":"https:\/\/api.w.org\/{rel}","templated":true}]}}